{"id":24,"date":"2022-11-07T13:05:58","date_gmt":"2022-11-07T12:05:58","guid":{"rendered":"https:\/\/horntornet.evdy.se\/?page_id=24"},"modified":"2022-11-07T15:37:28","modified_gmt":"2022-11-07T14:37:28","slug":"radhustorget","status":"publish","type":"page","link":"https:\/\/horntornet.evdy.se\/index.php\/vara-fastigheter\/radhustorget\/","title":{"rendered":"R\u00e5dhustorget"},"content":{"rendered":"\n<h1>\n\t\tR\u00e5dhustorget\n\t<\/h1>\n\t<h3>R\u00e5dhustorget (Borgaren 4)<\/h3>\n<p>Hamngatan 35-37\/Storgatan 18\/Torggatan 5, V\u00e4stervik<\/p>\n<p>4 lokaler och 15 l\u00e4genheter f\u00f6rdelat p\u00e5 1 688 kvm.<\/p>\n\n","protected":false},"excerpt":{"rendered":"<p>R\u00e5dhustorget R\u00e5dhustorget (Borgaren 4) Hamngatan 35-37\/Storgatan 18\/Torggatan 5, V\u00e4stervik 4 lokaler och 15 l\u00e4genheter f\u00f6rdelat p\u00e5 1 688 kvm.<\/p>\n","protected":false},"author":1,"featured_media":0,"parent":9,"menu_order":0,"comment_status":"closed","ping_status":"closed","template":"page-templates\/template-pagebuilder.php","meta":{"_genesis_hide_title":false,"_genesis_hide_breadcrumbs":false,"_genesis_hide_singular_image":false,"_genesis_hide_footer_widgets":false,"_genesis_custom_body_class":"","_genesis_custom_post_class":"","_genesis_layout":"","footnotes":""},"class_list":{"0":"post-24","1":"page","2":"type-page","3":"status-publish","5":"entry"},"_links":{"self":[{"href":"https:\/\/horntornet.evdy.se\/index.php\/wp-json\/wp\/v2\/pages\/24","targetHints":{"allow":["GET"]}}],"collection":[{"href":"https:\/\/horntornet.evdy.se\/index.php\/wp-json\/wp\/v2\/pages"}],"about":[{"href":"https:\/\/horntornet.evdy.se\/index.php\/wp-json\/wp\/v2\/types\/page"}],"author":[{"embeddable":true,"href":"https:\/\/horntornet.evdy.se\/index.php\/wp-json\/wp\/v2\/users\/1"}],"replies":[{"embeddable":true,"href":"https:\/\/horntornet.evdy.se\/index.php\/wp-json\/wp\/v2\/comments?post=24"}],"version-history":[{"count":3,"href":"https:\/\/horntornet.evdy.se\/index.php\/wp-json\/wp\/v2\/pages\/24\/revisions"}],"predecessor-version":[{"id":85,"href":"https:\/\/horntornet.evdy.se\/index.php\/wp-json\/wp\/v2\/pages\/24\/revisions\/85"}],"up":[{"embeddable":true,"href":"https:\/\/horntornet.evdy.se\/index.php\/wp-json\/wp\/v2\/pages\/9"}],"wp:attachment":[{"href":"https:\/\/horntornet.evdy.se\/index.php\/wp-json\/wp\/v2\/media?parent=24"}],"curies":[{"name":"wp","href":"https:\/\/api.w.org\/{rel}","templated":true}]}}