{"id":26,"date":"2022-11-07T13:06:14","date_gmt":"2022-11-07T12:06:14","guid":{"rendered":"https:\/\/horntornet.evdy.se\/?page_id=26"},"modified":"2022-11-07T15:02:02","modified_gmt":"2022-11-07T14:02:02","slug":"radhusgatan","status":"publish","type":"page","link":"https:\/\/horntornet.evdy.se\/index.php\/vara-fastigheter\/radhusgatan\/","title":{"rendered":"R\u00e5dhusgatan"},"content":{"rendered":"\n<h1>\n\t\tR\u00e5dhusgatan\n\t<\/h1>\n\t<h3>R\u00e5dhusgatan 3 (Snipan 1), V\u00e4stervik<\/h3>\n7 l\u00e4genheter, f\u00f6rdelat p\u00e5 388 kvm:<br \/>\n2 st 1 rum &amp; k\u00f6k<br \/>\n4 st 2 rum &amp; k\u00f6k<br \/>\n1 st 3 rum &amp; k\u00f6k\n\n","protected":false},"excerpt":{"rendered":"<p>R\u00e5dhusgatan R\u00e5dhusgatan 3 (Snipan 1), V\u00e4stervik 7 l\u00e4genheter, f\u00f6rdelat p\u00e5 388 kvm: 2 st 1 rum &amp; k\u00f6k 4 st 2 rum &amp; k\u00f6k 1 st 3 rum &amp; k\u00f6k<\/p>\n","protected":false},"author":1,"featured_media":0,"parent":9,"menu_order":0,"comment_status":"closed","ping_status":"closed","template":"page-templates\/template-pagebuilder.php","meta":{"_genesis_hide_title":false,"_genesis_hide_breadcrumbs":false,"_genesis_hide_singular_image":false,"_genesis_hide_footer_widgets":false,"_genesis_custom_body_class":"","_genesis_custom_post_class":"","_genesis_layout":"","footnotes":""},"class_list":{"0":"post-26","1":"page","2":"type-page","3":"status-publish","5":"entry"},"_links":{"self":[{"href":"https:\/\/horntornet.evdy.se\/index.php\/wp-json\/wp\/v2\/pages\/26","targetHints":{"allow":["GET"]}}],"collection":[{"href":"https:\/\/horntornet.evdy.se\/index.php\/wp-json\/wp\/v2\/pages"}],"about":[{"href":"https:\/\/horntornet.evdy.se\/index.php\/wp-json\/wp\/v2\/types\/page"}],"author":[{"embeddable":true,"href":"https:\/\/horntornet.evdy.se\/index.php\/wp-json\/wp\/v2\/users\/1"}],"replies":[{"embeddable":true,"href":"https:\/\/horntornet.evdy.se\/index.php\/wp-json\/wp\/v2\/comments?post=26"}],"version-history":[{"count":3,"href":"https:\/\/horntornet.evdy.se\/index.php\/wp-json\/wp\/v2\/pages\/26\/revisions"}],"predecessor-version":[{"id":75,"href":"https:\/\/horntornet.evdy.se\/index.php\/wp-json\/wp\/v2\/pages\/26\/revisions\/75"}],"up":[{"embeddable":true,"href":"https:\/\/horntornet.evdy.se\/index.php\/wp-json\/wp\/v2\/pages\/9"}],"wp:attachment":[{"href":"https:\/\/horntornet.evdy.se\/index.php\/wp-json\/wp\/v2\/media?parent=26"}],"curies":[{"name":"wp","href":"https:\/\/api.w.org\/{rel}","templated":true}]}}