{"id":28,"date":"2022-11-07T13:06:27","date_gmt":"2022-11-07T12:06:27","guid":{"rendered":"https:\/\/horntornet.evdy.se\/?page_id=28"},"modified":"2022-11-07T15:12:51","modified_gmt":"2022-11-07T14:12:51","slug":"bergsgatan","status":"publish","type":"page","link":"https:\/\/horntornet.evdy.se\/index.php\/vara-fastigheter\/bergsgatan\/","title":{"rendered":"Bergsgatan"},"content":{"rendered":"\n<h1>\n\t\tBergsgatan\n\t<\/h1>\n\t<h3>Bergsgatan 1 (Templet 1), V\u00e4stervik<\/h3>\n16 l\u00e4genheter och en lokal, f\u00f6rdelat p\u00e5 1 285 kvm:<br \/>\n8 st 2 rum &amp; k\u00f6k<br \/>\n7 st 3 rum &amp; k\u00f6k<br \/>\n1 st 1 rum &amp; k\u00f6k\n\n","protected":false},"excerpt":{"rendered":"<p>Bergsgatan Bergsgatan 1 (Templet 1), V\u00e4stervik 16 l\u00e4genheter och en lokal, f\u00f6rdelat p\u00e5 1 285 kvm: 8 st 2 rum &amp; k\u00f6k 7 st 3 rum &amp; k\u00f6k 1 st 1 rum &amp; k\u00f6k<\/p>\n","protected":false},"author":1,"featured_media":0,"parent":9,"menu_order":0,"comment_status":"closed","ping_status":"closed","template":"page-templates\/template-pagebuilder.php","meta":{"_genesis_hide_title":false,"_genesis_hide_breadcrumbs":false,"_genesis_hide_singular_image":false,"_genesis_hide_footer_widgets":false,"_genesis_custom_body_class":"","_genesis_custom_post_class":"","_genesis_layout":"","footnotes":""},"class_list":{"0":"post-28","1":"page","2":"type-page","3":"status-publish","5":"entry"},"_links":{"self":[{"href":"https:\/\/horntornet.evdy.se\/index.php\/wp-json\/wp\/v2\/pages\/28","targetHints":{"allow":["GET"]}}],"collection":[{"href":"https:\/\/horntornet.evdy.se\/index.php\/wp-json\/wp\/v2\/pages"}],"about":[{"href":"https:\/\/horntornet.evdy.se\/index.php\/wp-json\/wp\/v2\/types\/page"}],"author":[{"embeddable":true,"href":"https:\/\/horntornet.evdy.se\/index.php\/wp-json\/wp\/v2\/users\/1"}],"replies":[{"embeddable":true,"href":"https:\/\/horntornet.evdy.se\/index.php\/wp-json\/wp\/v2\/comments?post=28"}],"version-history":[{"count":3,"href":"https:\/\/horntornet.evdy.se\/index.php\/wp-json\/wp\/v2\/pages\/28\/revisions"}],"predecessor-version":[{"id":76,"href":"https:\/\/horntornet.evdy.se\/index.php\/wp-json\/wp\/v2\/pages\/28\/revisions\/76"}],"up":[{"embeddable":true,"href":"https:\/\/horntornet.evdy.se\/index.php\/wp-json\/wp\/v2\/pages\/9"}],"wp:attachment":[{"href":"https:\/\/horntornet.evdy.se\/index.php\/wp-json\/wp\/v2\/media?parent=28"}],"curies":[{"name":"wp","href":"https:\/\/api.w.org\/{rel}","templated":true}]}}